{"id":209,"date":"2020-03-27T17:15:41","date_gmt":"2020-03-27T16:15:41","guid":{"rendered":"https:\/\/www.vegadetordin.com\/tienda\/?post_type=product&#038;p=209"},"modified":"2024-08-30T17:52:17","modified_gmt":"2024-08-30T15:52:17","slug":"medio-queso-cabrales-vega-de-tordin-reserva-dop","status":"publish","type":"product","link":"https:\/\/vegadetordin.com\/tienda\/producto\/medio-queso-cabrales-vega-de-tordin-reserva-dop\/","title":{"rendered":"1\/2 Queso Reserva (1,3kg) Cabrales DOP &#8211; Vega de Tord\u00edn"},"content":{"rendered":"<p>Piezas especialmente seleccionadas mediante catas peri\u00f3dicas. Maduraci\u00f3n lenta de m\u00e1s de 6 meses en cueva natural en condiciones \u00f3ptimas de temperatura y humedad.<\/p>\n<p>Transportamos estas piezas en neveras isot\u00e9rmicas sobre nuestras espaldas durante m\u00e1s de 500 metros dado que maduran en cueva natural de muy dif\u00edcil acceso, en pleno coraz\u00f3n de Picos de Europa.<\/p>\n<p>Textura firme y untuosa. Olor intenso y caracter\u00edstico a cava, humedad y penicilium. Sabor intenso, desarrollado y persistente.<\/p>\n<p>Notas l\u00e1cticas mezcladas con un ligero dulzor y un toque salino. Recuerdos frutos secos y especias. Regusto intenso pero no agresivo.<\/p>\n<p>Se presenta envasado al vac\u00edo.<\/p>\n<p>Peso aproximado: 1,3kg<\/p>\n<p>Observaciones:<br \/>\nSe aconseja sacar del vac\u00edo y conservar en fr\u00edo en un recipiente con tapa. Es conveniente sacar el queso de la nevera de 15 a 20 minutos antes de su consumo para que atempere y recupere todas sus cualidades, sabor y textura.<\/p>\n","protected":false},"excerpt":{"rendered":"<p>Piezas seleccionadas con una maduraci\u00f3n lenta m\u00e1s de 6 meses en cueva natural.<\/p>\n<p>Textura firme y untuasa. Sabor intenso y desarrollado. Regusto intenso.<\/p>\n<p>Se presenta envasado al vac\u00edo.<\/p>\n","protected":false},"featured_media":204,"comment_status":"open","ping_status":"closed","template":"","meta":[],"product_cat":[26],"product_tag":[24,18,23,22,20,19],"class_list":{"0":"post-209","1":"product","2":"type-product","3":"status-publish","4":"has-post-thumbnail","6":"product_cat-medios","7":"product_tag-asturias","8":"product_tag-cabrales","9":"product_tag-picos-de-europa","10":"product_tag-queseria-vega-de-tordin","11":"product_tag-queso","12":"product_tag-queso-de-cabrales","14":"first","15":"outofstock","16":"taxable","17":"shipping-taxable","18":"purchasable","19":"product-type-simple"},"jetpack_sharing_enabled":true,"_links":{"self":[{"href":"https:\/\/vegadetordin.com\/tienda\/wp-json\/wp\/v2\/product\/209"}],"collection":[{"href":"https:\/\/vegadetordin.com\/tienda\/wp-json\/wp\/v2\/product"}],"about":[{"href":"https:\/\/vegadetordin.com\/tienda\/wp-json\/wp\/v2\/types\/product"}],"replies":[{"embeddable":true,"href":"https:\/\/vegadetordin.com\/tienda\/wp-json\/wp\/v2\/comments?post=209"}],"wp:featuredmedia":[{"embeddable":true,"href":"https:\/\/vegadetordin.com\/tienda\/wp-json\/wp\/v2\/media\/204"}],"wp:attachment":[{"href":"https:\/\/vegadetordin.com\/tienda\/wp-json\/wp\/v2\/media?parent=209"}],"wp:term":[{"taxonomy":"product_cat","embeddable":true,"href":"https:\/\/vegadetordin.com\/tienda\/wp-json\/wp\/v2\/product_cat?post=209"},{"taxonomy":"product_tag","embeddable":true,"href":"https:\/\/vegadetordin.com\/tienda\/wp-json\/wp\/v2\/product_tag?post=209"}],"curies":[{"name":"wp","href":"https:\/\/api.w.org\/{rel}","templated":true}]}}