{"id":14,"date":"2020-03-27T21:05:20","date_gmt":"2020-03-27T20:05:20","guid":{"rendered":"https:\/\/www.vegadetordin.com\/wordpress\/?post_type=product&#038;p=14"},"modified":"2024-02-05T07:57:25","modified_gmt":"2024-02-05T06:57:25","slug":"cuna-de-queso-cabrales-vega-de-tordin-dop","status":"publish","type":"product","link":"https:\/\/vegadetordin.com\/tienda\/producto\/cuna-de-queso-cabrales-vega-de-tordin-dop\/","title":{"rendered":"Cu\u00f1a 430g Cabrales DOP &#8211; Vega de Tord\u00edn"},"content":{"rendered":"<p>El Queso Cabrales DOP es quiz\u00e1s el m\u00e1s famoso en una de las regiones con mayor variedad de quesos de Europa (Asturias cuenta con m\u00e1s de 42 variedades de quesos artesanos).<\/p>\n<p>El Queso Cabrales DOP Vega de Tord\u00edn es un queso con una maduraci\u00f3n de 60 a 180 d\u00edas en cueva natural La Vieya. Pasa por rigurosos an\u00e1lisis y controles de calidad en relaci\u00f3n a todas sus caracter\u00edsticas: color, forma, corteza, olor, textura, sabor&#8230;<\/p>\n<p>Textura firme y mantecosa. Olor caracter\u00edstico, limpio y muy elegante. Sabor desarrollado, l\u00e1ctico al principio con notas de galleta y de heno. Regusto equilibrado.<\/p>\n<p>Se presenta envasada al vac\u00edo.<\/p>\n<p>Peso aproximado: 430 g<\/p>\n<p>Observaciones:<br \/>\nSe aconseja sacar la cu\u00f1a del vac\u00edo y conservar en fr\u00edo en un recipiente con tapa. Para que el queso recupere todas sus propiedades, textura y sabor es conveniente sacarlo de la nevera de 15 a 20 minutos antes de su consumo.<\/p>\n","protected":false},"excerpt":{"rendered":"<p>Maduraci\u00f3n de 60 a 180 d\u00edas en cueva natural.<\/p>\n<p>Sabor suave y equilibrado. Textura firme y mantecosa.<\/p>\n<p>Se presenta envasada al vac\u00edo.<\/p>\n","protected":false},"featured_media":446,"comment_status":"closed","ping_status":"closed","template":"","meta":[],"product_cat":[25],"product_tag":[24,18,21,23,22,20,19],"class_list":{"0":"post-14","1":"product","2":"type-product","3":"status-publish","4":"has-post-thumbnail","6":"product_cat-cunas","7":"product_tag-asturias","8":"product_tag-cabrales","9":"product_tag-dop","10":"product_tag-picos-de-europa","11":"product_tag-queseria-vega-de-tordin","12":"product_tag-queso","13":"product_tag-queso-de-cabrales","15":"first","16":"instock","17":"taxable","18":"shipping-taxable","19":"purchasable","20":"product-type-simple"},"jetpack_sharing_enabled":true,"_links":{"self":[{"href":"https:\/\/vegadetordin.com\/tienda\/wp-json\/wp\/v2\/product\/14"}],"collection":[{"href":"https:\/\/vegadetordin.com\/tienda\/wp-json\/wp\/v2\/product"}],"about":[{"href":"https:\/\/vegadetordin.com\/tienda\/wp-json\/wp\/v2\/types\/product"}],"replies":[{"embeddable":true,"href":"https:\/\/vegadetordin.com\/tienda\/wp-json\/wp\/v2\/comments?post=14"}],"wp:featuredmedia":[{"embeddable":true,"href":"https:\/\/vegadetordin.com\/tienda\/wp-json\/wp\/v2\/media\/446"}],"wp:attachment":[{"href":"https:\/\/vegadetordin.com\/tienda\/wp-json\/wp\/v2\/media?parent=14"}],"wp:term":[{"taxonomy":"product_cat","embeddable":true,"href":"https:\/\/vegadetordin.com\/tienda\/wp-json\/wp\/v2\/product_cat?post=14"},{"taxonomy":"product_tag","embeddable":true,"href":"https:\/\/vegadetordin.com\/tienda\/wp-json\/wp\/v2\/product_tag?post=14"}],"curies":[{"name":"wp","href":"https:\/\/api.w.org\/{rel}","templated":true}]}}